{"id":430,"date":"2025-10-20T18:35:23","date_gmt":"2025-10-20T18:35:23","guid":{"rendered":"https:\/\/ortiga-logistic.pl\/?page_id=430"},"modified":"2025-11-19T20:09:06","modified_gmt":"2025-11-19T20:09:06","slug":"career","status":"publish","type":"page","link":"https:\/\/ortiga-logistic.pl\/en\/career\/","title":{"rendered":"Career"},"content":{"rendered":"<div data-elementor-type=\"wp-page\" data-elementor-id=\"430\" class=\"elementor elementor-430\">\n\t\t\t\t<div class=\"elementor-element elementor-element-c85de09 e-con-full e-flex wpr-particle-no wpr-jarallax-no wpr-parallax-no wpr-sticky-section-no e-con e-parent\" data-id=\"c85de09\" data-element_type=\"container\" data-settings=\"{&quot;background_background&quot;:&quot;classic&quot;}\">\n\t\t<div class=\"elementor-element elementor-element-6097c03 e-con-full e-flex wpr-particle-no wpr-jarallax-no wpr-parallax-no wpr-sticky-section-no e-con e-child\" data-id=\"6097c03\" data-element_type=\"container\" data-settings=\"{&quot;background_background&quot;:&quot;classic&quot;}\">\n\t\t<div class=\"elementor-element elementor-element-e319efa e-con-full e-flex wpr-particle-no wpr-jarallax-no wpr-parallax-no wpr-sticky-section-no e-con e-child\" data-id=\"e319efa\" data-element_type=\"container\">\n\t\t\t\t<div class=\"elementor-element elementor-element-0873cd2 jltma-glass-effect-no elementor-widget elementor-widget-heading\" data-id=\"0873cd2\" data-element_type=\"widget\" data-widget_type=\"heading.default\">\n\t\t\t\t\t<h2 class=\"elementor-heading-title elementor-size-default\">Collaborate with us!<\/h2>\t\t\t\t<\/div>\n\t\t\t\t<\/div>\n\t\t\t\t<\/div>\n\t\t\t\t<\/div>\n\t\t<div class=\"elementor-element elementor-element-3f7caf4 e-con-full e-flex wpr-particle-no wpr-jarallax-no wpr-parallax-no wpr-sticky-section-no e-con e-parent\" data-id=\"3f7caf4\" data-element_type=\"container\">\n\t\t<div class=\"elementor-element elementor-element-330b66d e-con-full e-flex wpr-particle-no wpr-jarallax-no wpr-parallax-no wpr-sticky-section-no e-con e-child\" data-id=\"330b66d\" data-element_type=\"container\">\n\t\t<div class=\"elementor-element elementor-element-ed227bd e-con-full e-flex wpr-particle-no wpr-jarallax-no wpr-parallax-no wpr-sticky-section-no e-con e-child\" data-id=\"ed227bd\" data-element_type=\"container\">\n\t\t\t\t<\/div>\n\t\t<div class=\"elementor-element elementor-element-e83805d e-con-full e-flex wpr-particle-no wpr-jarallax-no wpr-parallax-no wpr-sticky-section-no e-con e-child\" data-id=\"e83805d\" data-element_type=\"container\">\n\t\t\t\t<div class=\"elementor-element elementor-element-0a34086 jltma-glass-effect-no elementor-widget elementor-widget-heading\" data-id=\"0a34086\" data-element_type=\"widget\" data-widget_type=\"heading.default\">\n\t\t\t\t\t<h2 class=\"elementor-heading-title elementor-size-default\">We are looking for subcontractors:<\/h2>\t\t\t\t<\/div>\n\t\t<div class=\"elementor-element elementor-element-77fa8a8 e-con-full e-flex wpr-particle-no wpr-jarallax-no wpr-parallax-no wpr-sticky-section-no e-con e-child\" data-id=\"77fa8a8\" data-element_type=\"container\">\n\t\t\t\t<div class=\"elementor-element elementor-element-7b1f2b7 jltma-glass-effect-no elementor-widget elementor-widget-text-editor\" data-id=\"7b1f2b7\" data-element_type=\"widget\" data-widget_type=\"text-editor.default\">\n\t\t\t\t\t\t\t\t\t<ul>\n<li>Having their own car transporters.<\/li>\n<li>Having a complete set of documents, including the current OCPD.<\/li>\n<\/ul>\t\t\t\t\t\t\t\t<\/div>\n\t\t\t\t<\/div>\n\t\t\t\t<\/div>\n\t\t<div class=\"elementor-element elementor-element-b6f46a4 e-con-full e-flex wpr-particle-no wpr-jarallax-no wpr-parallax-no wpr-sticky-section-no e-con e-child\" data-id=\"b6f46a4\" data-element_type=\"container\">\n\t\t\t\t<div class=\"elementor-element elementor-element-4e0d9ae jltma-glass-effect-no elementor-widget elementor-widget-heading\" data-id=\"4e0d9ae\" data-element_type=\"widget\" data-widget_type=\"heading.default\">\n\t\t\t\t\t<h2 class=\"elementor-heading-title elementor-size-default\">We offer:<\/h2>\t\t\t\t<\/div>\n\t\t<div class=\"elementor-element elementor-element-095c91e e-con-full e-flex wpr-particle-no wpr-jarallax-no wpr-parallax-no wpr-sticky-section-no e-con e-child\" data-id=\"095c91e\" data-element_type=\"container\">\n\t\t\t\t<div class=\"elementor-element elementor-element-bd30f7f jltma-glass-effect-no elementor-widget elementor-widget-text-editor\" data-id=\"bd30f7f\" data-element_type=\"widget\" data-widget_type=\"text-editor.default\">\n\t\t\t\t\t\t\t\t\t<ul>\n<li style=\"margin: 0px; padding: 0px 0px 5px; font: inherit; position: relative;\">The best financial conditions.<\/li>\n<li style=\"margin: 0px; padding: 0px 0px 5px; font: inherit; position: relative;\">Professional order support at every stage.<\/li>\n<li style=\"margin: 0px; padding: 0px 0px 5px; font: inherit; position: relative;\">Regular, weekly transport orders<\/li>\n<\/ul>\t\t\t\t\t\t\t\t<\/div>\n\t\t\t\t<\/div>\n\t\t\t\t<\/div>\n\t\t<div class=\"elementor-element elementor-element-3a94f5c e-con-full e-flex wpr-particle-no wpr-jarallax-no wpr-parallax-no wpr-sticky-section-no e-con e-child\" data-id=\"3a94f5c\" data-element_type=\"container\">\n\t\t\t\t<\/div>\n\t\t\t\t<\/div>\n\t\t\t\t<\/div>\n\t\t<div class=\"elementor-element elementor-element-f7480fd e-flex e-con-boxed wpr-particle-no wpr-jarallax-no wpr-parallax-no wpr-sticky-section-no e-con e-parent\" data-id=\"f7480fd\" data-element_type=\"container\">\n\t\t\t\t\t<div class=\"e-con-inner\">\n\t\t<div class=\"elementor-element elementor-element-89e42dd e-con-full e-flex wpr-particle-no wpr-jarallax-no wpr-parallax-no wpr-sticky-section-no e-con e-child\" data-id=\"89e42dd\" data-element_type=\"container\">\n\t\t\t\t<div class=\"elementor-element elementor-element-8e115d1 jltma-glass-effect-no elementor-widget elementor-widget-text-editor\" data-id=\"8e115d1\" data-element_type=\"widget\" data-widget_type=\"text-editor.default\">\n\t\t\t\t\t\t\t\t\t<p>\n  Send your application to \n  <a href=\"mailto:emaildlagabi@gmail.com\" style=\"color: red; text-decoration: none;\">\n    emaildlagabi@gmail.com\n  <\/a> \n  or click the button below.\n<\/p>\n\t\t\t\t\t\t\t\t<\/div>\n\t\t<div class=\"elementor-element elementor-element-f0e4cd7 e-con-full e-flex wpr-particle-no wpr-jarallax-no wpr-parallax-no wpr-sticky-section-no e-con e-child\" data-id=\"f0e4cd7\" data-element_type=\"container\">\n\t\t\t\t<div class=\"elementor-element elementor-element-0390f3f jltma-glass-effect-no elementor-widget elementor-widget-button\" data-id=\"0390f3f\" data-element_type=\"widget\" data-widget_type=\"button.default\">\n\t\t\t\t\t\t\t\t\t\t<a class=\"elementor-button elementor-button-link elementor-size-sm elementor-animation-grow\" href=\"mailto:emaildlagabi@gmail.com?subject=Wsp\u00f3\u0142praca%20-%20Ortiga\">\n\t\t\t\t\t\t<span class=\"elementor-button-content-wrapper\">\n\t\t\t\t\t\t\t\t\t<span class=\"elementor-button-text\">Send a message<\/span>\n\t\t\t\t\t<\/span>\n\t\t\t\t\t<\/a>\n\t\t\t\t\t\t\t\t<\/div>\n\t\t\t\t<\/div>\n\t\t\t\t<\/div>\n\t\t\t\t\t<\/div>\n\t\t\t\t<\/div>\n\t\t\t\t<\/div>","protected":false},"excerpt":{"rendered":"<p>Wsp\u00f3\u0142pracuj z nami! Poszukujemy podwykonawc\u00f3w: Posiadaj\u0105cych w\u0142asne autotransportery. Posiadaj\u0105cych kompletu dokument\u00f3w, w tym aktualnego OCPD. Oferujemy: Najlepsze warunki finansowe. Fachowe wsparcie zlece\u0144 na ka\u017cdym etapie. Sta\u0142e, cotygodniowe zlecenia transportowe Wy\u015blij zg\u0142oszenie na emaildlagabi@gmail.com lub kliknij w poni\u017cszy przycisk. Wy\u015blij wiadomo\u015b\u0107<\/p>","protected":false},"author":1,"featured_media":0,"parent":0,"menu_order":0,"comment_status":"closed","ping_status":"closed","template":"elementor_canvas","meta":{"_acf_changed":false,"footnotes":""},"class_list":["post-430","page","type-page","status-publish","hentry"],"acf":[],"yoast_head":"<!-- This site is optimized with the Yoast SEO plugin v26.2 - https:\/\/yoast.com\/wordpress\/plugins\/seo\/ -->\n<title>Wsp\u00f3\u0142praca - Ortiga Logistic<\/title>\n<meta name=\"robots\" content=\"index, follow, max-snippet:-1, max-image-preview:large, max-video-preview:-1\" \/>\n<link rel=\"canonical\" href=\"https:\/\/ortiga-logistic.pl\/en\/career\/\" \/>\n<meta property=\"og:locale\" content=\"en_US\" \/>\n<meta property=\"og:type\" content=\"article\" \/>\n<meta property=\"og:title\" content=\"Wsp\u00f3\u0142praca - Ortiga Logistic\" \/>\n<meta property=\"og:description\" content=\"Wsp\u00f3\u0142pracuj z nami! Poszukujemy podwykonawc\u00f3w: Posiadaj\u0105cych w\u0142asne autotransportery. Posiadaj\u0105cych kompletu dokument\u00f3w, w tym aktualnego OCPD. Oferujemy: Najlepsze warunki finansowe. Fachowe wsparcie zlece\u0144 na ka\u017cdym etapie. Sta\u0142e, cotygodniowe zlecenia transportowe Wy\u015blij zg\u0142oszenie na emaildlagabi@gmail.com lub kliknij w poni\u017cszy przycisk. Wy\u015blij wiadomo\u015b\u0107\" \/>\n<meta property=\"og:url\" content=\"https:\/\/ortiga-logistic.pl\/en\/career\/\" \/>\n<meta property=\"og:site_name\" content=\"Ortiga Logistic\" \/>\n<meta property=\"article:publisher\" content=\"https:\/\/www.facebook.com\/p\/GABI-Transport-Logistic-100064206514582\" \/>\n<meta property=\"article:modified_time\" content=\"2025-11-19T20:09:06+00:00\" \/>\n<meta property=\"og:image\" content=\"https:\/\/ortiga-logistic.pl\/wp-content\/uploads\/2025\/10\/Component-7.png\" \/>\n\t<meta property=\"og:image:width\" content=\"512\" \/>\n\t<meta property=\"og:image:height\" content=\"512\" \/>\n\t<meta property=\"og:image:type\" content=\"image\/png\" \/>\n<meta name=\"twitter:card\" content=\"summary_large_image\" \/>\n<meta name=\"twitter:label1\" content=\"Est. reading time\" \/>\n\t<meta name=\"twitter:data1\" content=\"1 minute\" \/>\n<script type=\"application\/ld+json\" class=\"yoast-schema-graph\">{\"@context\":\"https:\/\/schema.org\",\"@graph\":[{\"@type\":\"WebPage\",\"@id\":\"https:\/\/ortiga-logistic.pl\/career\/\",\"url\":\"https:\/\/ortiga-logistic.pl\/career\/\",\"name\":\"Wsp\u00f3\u0142praca - Ortiga Logistic\",\"isPartOf\":{\"@id\":\"https:\/\/ortiga-logistic.pl\/#website\"},\"datePublished\":\"2025-10-20T18:35:23+00:00\",\"dateModified\":\"2025-11-19T20:09:06+00:00\",\"breadcrumb\":{\"@id\":\"https:\/\/ortiga-logistic.pl\/career\/#breadcrumb\"},\"inLanguage\":\"en-US\",\"potentialAction\":[{\"@type\":\"ReadAction\",\"target\":[\"https:\/\/ortiga-logistic.pl\/career\/\"]}]},{\"@type\":\"BreadcrumbList\",\"@id\":\"https:\/\/ortiga-logistic.pl\/career\/#breadcrumb\",\"itemListElement\":[{\"@type\":\"ListItem\",\"position\":1,\"name\":\"Strona g\u0142\u00f3wna\",\"item\":\"https:\/\/ortiga-logistic.pl\/\"},{\"@type\":\"ListItem\",\"position\":2,\"name\":\"Career\"}]},{\"@type\":\"WebSite\",\"@id\":\"https:\/\/ortiga-logistic.pl\/#website\",\"url\":\"https:\/\/ortiga-logistic.pl\/\",\"name\":\"Ortiga Logistic & Gabi Transport\",\"description\":\"Kompleksowe us\u0142ugi logistyczne i transportowe w Polsce i Europie \u2013  Ortiga Logistic &amp; Gabi Transport\",\"publisher\":{\"@id\":\"https:\/\/ortiga-logistic.pl\/#organization\"},\"potentialAction\":[{\"@type\":\"SearchAction\",\"target\":{\"@type\":\"EntryPoint\",\"urlTemplate\":\"https:\/\/ortiga-logistic.pl\/?s={search_term_string}\"},\"query-input\":{\"@type\":\"PropertyValueSpecification\",\"valueRequired\":true,\"valueName\":\"search_term_string\"}}],\"inLanguage\":\"en-US\"},{\"@type\":\"Organization\",\"@id\":\"https:\/\/ortiga-logistic.pl\/#organization\",\"name\":\"Ortiga Logistic & Gabi Transport\",\"url\":\"https:\/\/ortiga-logistic.pl\/\",\"logo\":{\"@type\":\"ImageObject\",\"inLanguage\":\"en-US\",\"@id\":\"https:\/\/ortiga-logistic.pl\/#\/schema\/logo\/image\/\",\"url\":\"https:\/\/ortiga-logistic.pl\/wp-content\/uploads\/2025\/10\/Component-7.png\",\"contentUrl\":\"https:\/\/ortiga-logistic.pl\/wp-content\/uploads\/2025\/10\/Component-7.png\",\"width\":512,\"height\":512,\"caption\":\"Ortiga Logistic & Gabi Transport\"},\"image\":{\"@id\":\"https:\/\/ortiga-logistic.pl\/#\/schema\/logo\/image\/\"},\"sameAs\":[\"https:\/\/www.facebook.com\/p\/GABI-Transport-Logistic-100064206514582\",\"https:\/\/www.instagram.com\/gabi_transport_logistic\"]}]}<\/script>\n<!-- \/ Yoast SEO plugin. -->","yoast_head_json":{"title":"Wsp\u00f3\u0142praca - Ortiga Logistic","robots":{"index":"index","follow":"follow","max-snippet":"max-snippet:-1","max-image-preview":"max-image-preview:large","max-video-preview":"max-video-preview:-1"},"canonical":"https:\/\/ortiga-logistic.pl\/en\/career\/","og_locale":"en_US","og_type":"article","og_title":"Wsp\u00f3\u0142praca - Ortiga Logistic","og_description":"Wsp\u00f3\u0142pracuj z nami! Poszukujemy podwykonawc\u00f3w: Posiadaj\u0105cych w\u0142asne autotransportery. Posiadaj\u0105cych kompletu dokument\u00f3w, w tym aktualnego OCPD. Oferujemy: Najlepsze warunki finansowe. Fachowe wsparcie zlece\u0144 na ka\u017cdym etapie. Sta\u0142e, cotygodniowe zlecenia transportowe Wy\u015blij zg\u0142oszenie na emaildlagabi@gmail.com lub kliknij w poni\u017cszy przycisk. Wy\u015blij wiadomo\u015b\u0107","og_url":"https:\/\/ortiga-logistic.pl\/en\/career\/","og_site_name":"Ortiga Logistic","article_publisher":"https:\/\/www.facebook.com\/p\/GABI-Transport-Logistic-100064206514582","article_modified_time":"2025-11-19T20:09:06+00:00","og_image":[{"width":512,"height":512,"url":"https:\/\/ortiga-logistic.pl\/wp-content\/uploads\/2025\/10\/Component-7.png","type":"image\/png"}],"twitter_card":"summary_large_image","twitter_misc":{"Est. reading time":"1 minute"},"schema":{"@context":"https:\/\/schema.org","@graph":[{"@type":"WebPage","@id":"https:\/\/ortiga-logistic.pl\/career\/","url":"https:\/\/ortiga-logistic.pl\/career\/","name":"Wsp\u00f3\u0142praca - Ortiga Logistic","isPartOf":{"@id":"https:\/\/ortiga-logistic.pl\/#website"},"datePublished":"2025-10-20T18:35:23+00:00","dateModified":"2025-11-19T20:09:06+00:00","breadcrumb":{"@id":"https:\/\/ortiga-logistic.pl\/career\/#breadcrumb"},"inLanguage":"en-US","potentialAction":[{"@type":"ReadAction","target":["https:\/\/ortiga-logistic.pl\/career\/"]}]},{"@type":"BreadcrumbList","@id":"https:\/\/ortiga-logistic.pl\/career\/#breadcrumb","itemListElement":[{"@type":"ListItem","position":1,"name":"Strona g\u0142\u00f3wna","item":"https:\/\/ortiga-logistic.pl\/"},{"@type":"ListItem","position":2,"name":"Career"}]},{"@type":"WebSite","@id":"https:\/\/ortiga-logistic.pl\/#website","url":"https:\/\/ortiga-logistic.pl\/","name":"Ortiga Logistic &amp; Gabi Transport","description":"Comprehensive logistics and transport services in Poland and Europe \u2013 Ortiga Logistic &amp; Gabi Transport","publisher":{"@id":"https:\/\/ortiga-logistic.pl\/#organization"},"potentialAction":[{"@type":"SearchAction","target":{"@type":"EntryPoint","urlTemplate":"https:\/\/ortiga-logistic.pl\/?s={search_term_string}"},"query-input":{"@type":"PropertyValueSpecification","valueRequired":true,"valueName":"search_term_string"}}],"inLanguage":"en-US"},{"@type":"Organization","@id":"https:\/\/ortiga-logistic.pl\/#organization","name":"Ortiga Logistic &amp; Gabi Transport","url":"https:\/\/ortiga-logistic.pl\/","logo":{"@type":"ImageObject","inLanguage":"en-US","@id":"https:\/\/ortiga-logistic.pl\/#\/schema\/logo\/image\/","url":"https:\/\/ortiga-logistic.pl\/wp-content\/uploads\/2025\/10\/Component-7.png","contentUrl":"https:\/\/ortiga-logistic.pl\/wp-content\/uploads\/2025\/10\/Component-7.png","width":512,"height":512,"caption":"Ortiga Logistic & Gabi Transport"},"image":{"@id":"https:\/\/ortiga-logistic.pl\/#\/schema\/logo\/image\/"},"sameAs":["https:\/\/www.facebook.com\/p\/GABI-Transport-Logistic-100064206514582","https:\/\/www.instagram.com\/gabi_transport_logistic"]}]}},"_links":{"self":[{"href":"https:\/\/ortiga-logistic.pl\/en\/wp-json\/wp\/v2\/pages\/430","targetHints":{"allow":["GET"]}}],"collection":[{"href":"https:\/\/ortiga-logistic.pl\/en\/wp-json\/wp\/v2\/pages"}],"about":[{"href":"https:\/\/ortiga-logistic.pl\/en\/wp-json\/wp\/v2\/types\/page"}],"author":[{"embeddable":true,"href":"https:\/\/ortiga-logistic.pl\/en\/wp-json\/wp\/v2\/users\/1"}],"replies":[{"embeddable":true,"href":"https:\/\/ortiga-logistic.pl\/en\/wp-json\/wp\/v2\/comments?post=430"}],"version-history":[{"count":40,"href":"https:\/\/ortiga-logistic.pl\/en\/wp-json\/wp\/v2\/pages\/430\/revisions"}],"predecessor-version":[{"id":956,"href":"https:\/\/ortiga-logistic.pl\/en\/wp-json\/wp\/v2\/pages\/430\/revisions\/956"}],"wp:attachment":[{"href":"https:\/\/ortiga-logistic.pl\/en\/wp-json\/wp\/v2\/media?parent=430"}],"curies":[{"name":"wp","href":"https:\/\/api.w.org\/{rel}","templated":true}]}}